{"id":447,"date":"2023-02-14T09:36:15","date_gmt":"2023-02-14T09:36:15","guid":{"rendered":"https:\/\/finlit-project.eu\/?page_id=447"},"modified":"2023-02-14T09:37:15","modified_gmt":"2023-02-14T09:37:15","slug":"so-mladi-financno-pismeni","status":"publish","type":"page","link":"https:\/\/finlit-project.eu\/?page_id=447&lang=sl","title":{"rendered":"SO MLADI FINAN\u010cNO PISMENI?"},"content":{"rendered":"\t\t<div data-elementor-type=\"wp-page\" data-elementor-id=\"447\" class=\"elementor elementor-447\" data-elementor-settings=\"{&quot;ha_cmc_init_switcher&quot;:&quot;no&quot;}\">\n\t\t\t\t\t\t<section class=\"elementor-section elementor-top-section elementor-element elementor-element-7e17566 elementor-section-boxed elementor-section-height-default elementor-section-height-default\" data-id=\"7e17566\" data-element_type=\"section\" data-e-type=\"section\" data-settings=\"{&quot;background_background&quot;:&quot;classic&quot;,&quot;shape_divider_bottom&quot;:&quot;triangle&quot;,&quot;shape_divider_bottom_negative&quot;:&quot;yes&quot;,&quot;_ha_eqh_enable&quot;:false}\">\n\t\t\t\t\t\t\t<div class=\"elementor-background-overlay\"><\/div>\n\t\t\t\t\t\t<div class=\"elementor-shape elementor-shape-bottom\" aria-hidden=\"true\" data-negative=\"true\">\n\t\t\t<svg xmlns=\"http:\/\/www.w3.org\/2000\/svg\" viewBox=\"0 0 1000 100\" preserveAspectRatio=\"none\">\n\t<path class=\"elementor-shape-fill\" d=\"M500.2,94.7L0,0v100h1000V0L500.2,94.7z\"\/>\n<\/svg>\t\t<\/div>\n\t\t\t\t\t<div class=\"elementor-container elementor-column-gap-default\">\n\t\t\t\t\t<div class=\"elementor-column elementor-col-100 elementor-top-column elementor-element elementor-element-439df6c\" data-id=\"439df6c\" data-element_type=\"column\" data-e-type=\"column\">\n\t\t\t<div class=\"elementor-widget-wrap elementor-element-populated\">\n\t\t\t\t\t\t<div class=\"elementor-element elementor-element-eb8b1aa elementor-widget elementor-widget-spacer\" data-id=\"eb8b1aa\" data-element_type=\"widget\" data-e-type=\"widget\" data-widget_type=\"spacer.default\">\n\t\t\t\t<div class=\"elementor-widget-container\">\n\t\t\t\t\t\t\t<div class=\"elementor-spacer\">\n\t\t\t<div class=\"elementor-spacer-inner\"><\/div>\n\t\t<\/div>\n\t\t\t\t\t\t<\/div>\n\t\t\t\t<\/div>\n\t\t\t\t<div class=\"elementor-element elementor-element-f3318f9 elementor-widget elementor-widget-heading\" data-id=\"f3318f9\" data-element_type=\"widget\" data-e-type=\"widget\" data-widget_type=\"heading.default\">\n\t\t\t\t<div class=\"elementor-widget-container\">\n\t\t\t\t\t<h2 class=\"elementor-heading-title elementor-size-default\">SO MLADI FINAN\u010cNO PISMENI?<\/h2>\t\t\t\t<\/div>\n\t\t\t\t<\/div>\n\t\t\t\t<div class=\"elementor-element elementor-element-fcad834 elementor-widget-divider--view-line elementor-widget elementor-widget-divider\" data-id=\"fcad834\" data-element_type=\"widget\" data-e-type=\"widget\" data-widget_type=\"divider.default\">\n\t\t\t\t<div class=\"elementor-widget-container\">\n\t\t\t\t\t\t\t<div class=\"elementor-divider\">\n\t\t\t<span class=\"elementor-divider-separator\">\n\t\t\t\t\t\t<\/span>\n\t\t<\/div>\n\t\t\t\t\t\t<\/div>\n\t\t\t\t<\/div>\n\t\t\t\t<div class=\"elementor-element elementor-element-e4dd363 elementor-widget elementor-widget-spacer\" data-id=\"e4dd363\" data-element_type=\"widget\" data-e-type=\"widget\" data-widget_type=\"spacer.default\">\n\t\t\t\t<div class=\"elementor-widget-container\">\n\t\t\t\t\t\t\t<div class=\"elementor-spacer\">\n\t\t\t<div class=\"elementor-spacer-inner\"><\/div>\n\t\t<\/div>\n\t\t\t\t\t\t<\/div>\n\t\t\t\t<\/div>\n\t\t\t\t\t<\/div>\n\t\t<\/div>\n\t\t\t\t\t<\/div>\n\t\t<\/section>\n\t\t\t\t<section class=\"elementor-section elementor-top-section elementor-element elementor-element-ddd8d21 elementor-section-boxed elementor-section-height-default elementor-section-height-default\" data-id=\"ddd8d21\" data-element_type=\"section\" data-e-type=\"section\" data-settings=\"{&quot;_ha_eqh_enable&quot;:false}\">\n\t\t\t\t\t\t<div class=\"elementor-container elementor-column-gap-default\">\n\t\t\t\t\t<div class=\"elementor-column elementor-col-100 elementor-top-column elementor-element elementor-element-daf6845\" data-id=\"daf6845\" data-element_type=\"column\" data-e-type=\"column\">\n\t\t\t<div class=\"elementor-widget-wrap elementor-element-populated\">\n\t\t\t\t\t\t<div class=\"elementor-element elementor-element-fb4c6ed elementor-widget elementor-widget-spacer\" data-id=\"fb4c6ed\" data-element_type=\"widget\" data-e-type=\"widget\" data-widget_type=\"spacer.default\">\n\t\t\t\t<div class=\"elementor-widget-container\">\n\t\t\t\t\t\t\t<div class=\"elementor-spacer\">\n\t\t\t<div class=\"elementor-spacer-inner\"><\/div>\n\t\t<\/div>\n\t\t\t\t\t\t<\/div>\n\t\t\t\t<\/div>\n\t\t\t\t<div class=\"elementor-element elementor-element-510688b elementor-widget elementor-widget-text-editor\" data-id=\"510688b\" data-element_type=\"widget\" data-e-type=\"widget\" data-widget_type=\"text-editor.default\">\n\t\t\t\t<div class=\"elementor-widget-container\">\n\t\t\t\t\t\t\t\t\t<p>12.02.2021<\/p><p>S projektom FinLit Finan\u010dna pismenost za hitrej\u0161o finan\u010dno neodvisnost smo za\u010deli \u017ee leta 2020. Na\u0161 prvi intelektualni rezultat IO1 je bil definiranje izhodi\u0161\u010da cilja projekta, ugotavljanje trenutne ravni znanja med mladimi in obstoje\u010de izobra\u017eevalne ponudbe na podro\u010djih. finan\u010dne pismenosti zanje. Nacionalne ugotovitve smo zbrali v poro\u010dilu o stanju, ki je rezultat sistemske, teoreti\u010dne in prakti\u010dne obdelave sedanjih razmer o temah, povezanih s finan\u010dno pismenostjo, ter opredelitve vrzeli in ovir. na teh podro\u010djih v vseh treh partnerskih dr\u017eavah \u2013 Gr\u010diji, Poljski in Sloveniji. Partnerji so izvedli pregled visoko\u0161olske in srednje\u0161olske ponudbe ter zajel tudi pregled obstoje\u010dih izobra\u017eevalnih gradiv in uporabljenih metod. Poleg tega je bil vpra\u0161alnik kompetenc o finan\u010dni pismenosti razdeljen med mlade v vsaki partnerski dr\u017eavi, da bi zbrali dejanske povratne informacije na\u0161e glavne ciljne skupine \u2013 mladih med 18 in 24 let. Predvsem podatki terenskih raziskav v Sloveniji, na Poljskem in v Gr\u010diji so pokazali, da raven finan\u010dne pismenosti ni za\u017eelena. Poleg tega je teoreti\u010dna raziskava poro\u010dala o pomanjkanju (brezpla\u010dnih) te\u010dajev na podro\u010dju finan\u010dne pismenosti za mlade in upravljanja njihovih osebnih financ. Zato je ekipa FinLit za\u010dela pripravljati na\u010drt, kako inovativno odpraviti vrzeli v izobra\u017eevalni ponudbi in znanju mladih, da bi jim pomagali ustrezno zgraditi svojo finan\u010dno stabilnost. Na podlagi vseh teh informacij je konzorcij projekta FinLit nato pre\u0161el na druge intelektualne rezultate; IO2: razvoj e-platforme in IO3: izdelava inovativnega e-te\u010daja, ki pokriva vse vidike in zaznane vrzeli, kar vodi do bolj\u0161e ravni znanja o finan\u010dni pismenosti in jim predstavi vse potrebne ve\u0161\u010dine za zagotavljanje stabilnih osebnih financ. management v vsakdanjem \u017eivljenju mladih. Najnovej\u0161e poro\u010dilo z ve\u010d zanimivimi informacijami za vsako partnersko dr\u017eavo je na voljo tukaj:<\/p><p>https:\/\/finlitproject.eu\/wp-content\/uploads\/2021\/09\/FINLIT-IO1-FINAL-short version.pdf<\/p><p>\u00a0<\/p><p>Hvala za va\u0161o pozornost in \u010das<br \/>Ekipa FinLit.<\/p>\t\t\t\t\t\t\t\t<\/div>\n\t\t\t\t<\/div>\n\t\t\t\t<div class=\"elementor-element elementor-element-51feae6 elementor-widget elementor-widget-spacer\" data-id=\"51feae6\" data-element_type=\"widget\" data-e-type=\"widget\" data-widget_type=\"spacer.default\">\n\t\t\t\t<div class=\"elementor-widget-container\">\n\t\t\t\t\t\t\t<div class=\"elementor-spacer\">\n\t\t\t<div class=\"elementor-spacer-inner\"><\/div>\n\t\t<\/div>\n\t\t\t\t\t\t<\/div>\n\t\t\t\t<\/div>\n\t\t\t\t\t<\/div>\n\t\t<\/div>\n\t\t\t\t\t<\/div>\n\t\t<\/section>\n\t\t\t\t<section class=\"elementor-section elementor-top-section elementor-element elementor-element-93634c4 elementor-section-boxed elementor-section-height-default elementor-section-height-default\" data-id=\"93634c4\" data-element_type=\"section\" data-e-type=\"section\" data-settings=\"{&quot;background_background&quot;:&quot;classic&quot;,&quot;_ha_eqh_enable&quot;:false}\">\n\t\t\t\t\t\t<div class=\"elementor-container elementor-column-gap-default\">\n\t\t\t\t\t<div class=\"elementor-column elementor-col-33 elementor-top-column elementor-element elementor-element-4377a06\" data-id=\"4377a06\" data-element_type=\"column\" data-e-type=\"column\">\n\t\t\t<div class=\"elementor-widget-wrap elementor-element-populated\">\n\t\t\t\t\t\t<div class=\"elementor-element elementor-element-f71668f elementor-widget elementor-widget-image\" data-id=\"f71668f\" data-element_type=\"widget\" data-e-type=\"widget\" data-widget_type=\"image.default\">\n\t\t\t\t<div class=\"elementor-widget-container\">\n\t\t\t\t\t\t\t\t\t\t\t\t\t\t\t<img decoding=\"async\" width=\"300\" height=\"63\" src=\"https:\/\/finlit-project.eu\/wp-content\/uploads\/2022\/11\/EN-Co-funded-by-the-EU_PANTONE-1-300x63.jpg\" class=\"attachment-medium size-medium wp-image-171\" alt=\"\" srcset=\"https:\/\/finlit-project.eu\/wp-content\/uploads\/2022\/11\/EN-Co-funded-by-the-EU_PANTONE-1-300x63.jpg 300w, https:\/\/finlit-project.eu\/wp-content\/uploads\/2022\/11\/EN-Co-funded-by-the-EU_PANTONE-1-1024x215.jpg 1024w, https:\/\/finlit-project.eu\/wp-content\/uploads\/2022\/11\/EN-Co-funded-by-the-EU_PANTONE-1-768x161.jpg 768w, https:\/\/finlit-project.eu\/wp-content\/uploads\/2022\/11\/EN-Co-funded-by-the-EU_PANTONE-1-1536x322.jpg 1536w, https:\/\/finlit-project.eu\/wp-content\/uploads\/2022\/11\/EN-Co-funded-by-the-EU_PANTONE-1-2048x430.jpg 2048w\" sizes=\"(max-width: 300px) 100vw, 300px\" \/>\t\t\t\t\t\t\t\t\t\t\t\t\t\t\t<\/div>\n\t\t\t\t<\/div>\n\t\t\t\t<div class=\"elementor-element elementor-element-006f280 elementor-widget elementor-widget-text-editor\" data-id=\"006f280\" data-element_type=\"widget\" data-e-type=\"widget\" data-widget_type=\"text-editor.default\">\n\t\t\t\t<div class=\"elementor-widget-container\">\n\t\t\t\t\t\t\t\t\t<p>Ta projekt je financirala Evropska komisija. Ta publikacija odra\u017ea samo stali\u0161\u010da avtorja in Komisija ne more biti odgovorna za kakr\u0161no koli uporabo informacij, ki jih vsebuje.2020-2-SI02-KA205-15590<\/p>\t\t\t\t\t\t\t\t<\/div>\n\t\t\t\t<\/div>\n\t\t\t\t\t<\/div>\n\t\t<\/div>\n\t\t\t\t<div class=\"elementor-column elementor-col-33 elementor-top-column elementor-element elementor-element-8bcd40f\" data-id=\"8bcd40f\" data-element_type=\"column\" data-e-type=\"column\">\n\t\t\t<div class=\"elementor-widget-wrap\">\n\t\t\t\t\t\t\t<\/div>\n\t\t<\/div>\n\t\t\t\t<div class=\"elementor-column elementor-col-33 elementor-top-column elementor-element elementor-element-1534a53\" data-id=\"1534a53\" data-element_type=\"column\" data-e-type=\"column\">\n\t\t\t<div class=\"elementor-widget-wrap elementor-element-populated\">\n\t\t\t\t\t\t<div class=\"elementor-element elementor-element-eac7a2e elementor-widget elementor-widget-spacer\" data-id=\"eac7a2e\" data-element_type=\"widget\" data-e-type=\"widget\" data-widget_type=\"spacer.default\">\n\t\t\t\t<div class=\"elementor-widget-container\">\n\t\t\t\t\t\t\t<div class=\"elementor-spacer\">\n\t\t\t<div class=\"elementor-spacer-inner\"><\/div>\n\t\t<\/div>\n\t\t\t\t\t\t<\/div>\n\t\t\t\t<\/div>\n\t\t\t\t<div class=\"elementor-element elementor-element-26b2c9b elementor-widget elementor-widget-image\" data-id=\"26b2c9b\" data-element_type=\"widget\" data-e-type=\"widget\" data-widget_type=\"image.default\">\n\t\t\t\t<div class=\"elementor-widget-container\">\n\t\t\t\t\t\t\t\t\t\t\t\t\t\t\t<img decoding=\"async\" width=\"144\" height=\"70\" src=\"https:\/\/finlit-project.eu\/wp-content\/uploads\/2022\/11\/footer.png\" class=\"attachment-medium size-medium wp-image-203\" alt=\"\" \/>\t\t\t\t\t\t\t\t\t\t\t\t\t\t\t<\/div>\n\t\t\t\t<\/div>\n\t\t\t\t<div class=\"elementor-element elementor-element-21a637d elementor-widget elementor-widget-text-editor\" data-id=\"21a637d\" data-element_type=\"widget\" data-e-type=\"widget\" data-widget_type=\"text-editor.default\">\n\t\t\t\t<div class=\"elementor-widget-container\">\n\t\t\t\t\t\t\t\t\t<a style=\"color: white;\" href=\" https:\/\/finlit-project.eu\/?page_id=174\" target=\"_blank\" rel=\"noopener\">Terms of Use<\/a>\t\t\t\t\t\t\t\t<\/div>\n\t\t\t\t<\/div>\n\t\t\t\t<div class=\"elementor-element elementor-element-622c0ac elementor-shape-circle e-grid-align-right elementor-grid-0 elementor-widget elementor-widget-social-icons\" data-id=\"622c0ac\" data-element_type=\"widget\" data-e-type=\"widget\" data-widget_type=\"social-icons.default\">\n\t\t\t\t<div class=\"elementor-widget-container\">\n\t\t\t\t\t\t\t<div class=\"elementor-social-icons-wrapper elementor-grid\" role=\"list\">\n\t\t\t\t\t\t\t<span class=\"elementor-grid-item\" role=\"listitem\">\n\t\t\t\t\t<a class=\"elementor-icon elementor-social-icon elementor-social-icon-facebook elementor-repeater-item-300f31d\" href=\"https:\/\/www.facebook.com\/finlit.financial.literacy\" target=\"_blank\">\n\t\t\t\t\t\t<span class=\"elementor-screen-only\">Facebook<\/span>\n\t\t\t\t\t\t<i aria-hidden=\"true\" class=\"fab fa-facebook\"><\/i>\t\t\t\t\t<\/a>\n\t\t\t\t<\/span>\n\t\t\t\t\t\t\t<span class=\"elementor-grid-item\" role=\"listitem\">\n\t\t\t\t\t<a class=\"elementor-icon elementor-social-icon elementor-social-icon-twitter elementor-repeater-item-8b7af98\" href=\"https:\/\/twitter.com\/FinLit7\" target=\"_blank\">\n\t\t\t\t\t\t<span class=\"elementor-screen-only\">Twitter<\/span>\n\t\t\t\t\t\t<i aria-hidden=\"true\" class=\"fab fa-twitter\"><\/i>\t\t\t\t\t<\/a>\n\t\t\t\t<\/span>\n\t\t\t\t\t\t\t<span class=\"elementor-grid-item\" role=\"listitem\">\n\t\t\t\t\t<a class=\"elementor-icon elementor-social-icon elementor-social-icon-youtube elementor-repeater-item-75f99d9\" href=\"https:\/\/www.youtube.com\/channel\/UCCNlnDGk5a_Tqaa6ZbE13hg\" target=\"_blank\">\n\t\t\t\t\t\t<span class=\"elementor-screen-only\">Youtube<\/span>\n\t\t\t\t\t\t<i aria-hidden=\"true\" class=\"fab fa-youtube\"><\/i>\t\t\t\t\t<\/a>\n\t\t\t\t<\/span>\n\t\t\t\t\t\t\t<span class=\"elementor-grid-item\" role=\"listitem\">\n\t\t\t\t\t<a class=\"elementor-icon elementor-social-icon elementor-social-icon-linkedin elementor-repeater-item-004c60b\" href=\"https:\/\/www.linkedin.com\/showcase\/fin-lit\/\" target=\"_blank\">\n\t\t\t\t\t\t<span class=\"elementor-screen-only\">Linkedin<\/span>\n\t\t\t\t\t\t<i aria-hidden=\"true\" class=\"fab fa-linkedin\"><\/i>\t\t\t\t\t<\/a>\n\t\t\t\t<\/span>\n\t\t\t\t\t<\/div>\n\t\t\t\t\t\t<\/div>\n\t\t\t\t<\/div>\n\t\t\t\t\t<\/div>\n\t\t<\/div>\n\t\t\t\t\t<\/div>\n\t\t<\/section>\n\t\t\t\t<\/div>\n\t\t","protected":false},"excerpt":{"rendered":"<p>SO MLADI FINAN\u010cNO PISMENI? 12.02.2021 S projektom FinLit Finan\u010dna pismenost za hitrej\u0161o finan\u010dno neodvisnost smo za\u010deli \u017ee leta 2020. Na\u0161 prvi intelektualni rezultat IO1 je bil definiranje izhodi\u0161\u010da cilja projekta, ugotavljanje trenutne ravni znanja med mladimi in obstoje\u010de izobra\u017eevalne ponudbe na podro\u010djih. finan\u010dne pismenosti zanje. Nacionalne ugotovitve smo zbrali v poro\u010dilu o stanju, ki je [&hellip;]<\/p>\n","protected":false},"author":1,"featured_media":0,"parent":0,"menu_order":0,"comment_status":"closed","ping_status":"closed","template":"elementor_header_footer","meta":{"_monsterinsights_skip_tracking":false,"_monsterinsights_sitenote_active":false,"_monsterinsights_sitenote_note":"","_monsterinsights_sitenote_category":0,"footnotes":""},"class_list":["post-447","page","type-page","status-publish","hentry","entry"],"aioseo_notices":[],"_links":{"self":[{"href":"https:\/\/finlit-project.eu\/index.php?rest_route=\/wp\/v2\/pages\/447","targetHints":{"allow":["GET"]}}],"collection":[{"href":"https:\/\/finlit-project.eu\/index.php?rest_route=\/wp\/v2\/pages"}],"about":[{"href":"https:\/\/finlit-project.eu\/index.php?rest_route=\/wp\/v2\/types\/page"}],"author":[{"embeddable":true,"href":"https:\/\/finlit-project.eu\/index.php?rest_route=\/wp\/v2\/users\/1"}],"replies":[{"embeddable":true,"href":"https:\/\/finlit-project.eu\/index.php?rest_route=%2Fwp%2Fv2%2Fcomments&post=447"}],"version-history":[{"count":4,"href":"https:\/\/finlit-project.eu\/index.php?rest_route=\/wp\/v2\/pages\/447\/revisions"}],"predecessor-version":[{"id":452,"href":"https:\/\/finlit-project.eu\/index.php?rest_route=\/wp\/v2\/pages\/447\/revisions\/452"}],"wp:attachment":[{"href":"https:\/\/finlit-project.eu\/index.php?rest_route=%2Fwp%2Fv2%2Fmedia&parent=447"}],"curies":[{"name":"wp","href":"https:\/\/api.w.org\/{rel}","templated":true}]}}