{"id":456,"date":"2023-02-14T09:39:55","date_gmt":"2023-02-14T09:39:55","guid":{"rendered":"https:\/\/finlit-project.eu\/?page_id=456"},"modified":"2023-02-14T09:41:10","modified_gmt":"2023-02-14T09:41:10","slug":"czy-mlodzi-ludzie-znajduja-sie-w-finansach","status":"publish","type":"page","link":"https:\/\/finlit-project.eu\/?page_id=456&lang=pl","title":{"rendered":"CZY M\u0141ODZI LUDZIE ZNAJDUJ\u0104 SI\u0118 W FINANSACH?"},"content":{"rendered":"\t\t<div data-elementor-type=\"wp-page\" data-elementor-id=\"456\" class=\"elementor elementor-456\" data-elementor-settings=\"{&quot;ha_cmc_init_switcher&quot;:&quot;no&quot;}\">\n\t\t\t\t\t\t<section class=\"elementor-section elementor-top-section elementor-element elementor-element-7e17566 elementor-section-boxed elementor-section-height-default elementor-section-height-default\" data-id=\"7e17566\" data-element_type=\"section\" data-e-type=\"section\" data-settings=\"{&quot;background_background&quot;:&quot;classic&quot;,&quot;shape_divider_bottom&quot;:&quot;triangle&quot;,&quot;shape_divider_bottom_negative&quot;:&quot;yes&quot;,&quot;_ha_eqh_enable&quot;:false}\">\n\t\t\t\t\t\t\t<div class=\"elementor-background-overlay\"><\/div>\n\t\t\t\t\t\t<div class=\"elementor-shape elementor-shape-bottom\" aria-hidden=\"true\" data-negative=\"true\">\n\t\t\t<svg xmlns=\"http:\/\/www.w3.org\/2000\/svg\" viewBox=\"0 0 1000 100\" preserveAspectRatio=\"none\">\n\t<path class=\"elementor-shape-fill\" d=\"M500.2,94.7L0,0v100h1000V0L500.2,94.7z\"\/>\n<\/svg>\t\t<\/div>\n\t\t\t\t\t<div class=\"elementor-container elementor-column-gap-default\">\n\t\t\t\t\t<div class=\"elementor-column elementor-col-100 elementor-top-column elementor-element elementor-element-439df6c\" data-id=\"439df6c\" data-element_type=\"column\" data-e-type=\"column\">\n\t\t\t<div class=\"elementor-widget-wrap elementor-element-populated\">\n\t\t\t\t\t\t<div class=\"elementor-element elementor-element-eb8b1aa elementor-widget elementor-widget-spacer\" data-id=\"eb8b1aa\" data-element_type=\"widget\" data-e-type=\"widget\" data-widget_type=\"spacer.default\">\n\t\t\t\t<div class=\"elementor-widget-container\">\n\t\t\t\t\t\t\t<div class=\"elementor-spacer\">\n\t\t\t<div class=\"elementor-spacer-inner\"><\/div>\n\t\t<\/div>\n\t\t\t\t\t\t<\/div>\n\t\t\t\t<\/div>\n\t\t\t\t<div class=\"elementor-element elementor-element-f3318f9 elementor-widget elementor-widget-heading\" data-id=\"f3318f9\" data-element_type=\"widget\" data-e-type=\"widget\" data-widget_type=\"heading.default\">\n\t\t\t\t<div class=\"elementor-widget-container\">\n\t\t\t\t\t<h2 class=\"elementor-heading-title elementor-size-default\">CZY M\u0141ODZI LUDZIE ZNAJDUJ\u0104 SI\u0118 W FINANSACH?<\/h2>\t\t\t\t<\/div>\n\t\t\t\t<\/div>\n\t\t\t\t<div class=\"elementor-element elementor-element-fcad834 elementor-widget-divider--view-line elementor-widget elementor-widget-divider\" data-id=\"fcad834\" data-element_type=\"widget\" data-e-type=\"widget\" data-widget_type=\"divider.default\">\n\t\t\t\t<div class=\"elementor-widget-container\">\n\t\t\t\t\t\t\t<div class=\"elementor-divider\">\n\t\t\t<span class=\"elementor-divider-separator\">\n\t\t\t\t\t\t<\/span>\n\t\t<\/div>\n\t\t\t\t\t\t<\/div>\n\t\t\t\t<\/div>\n\t\t\t\t<div class=\"elementor-element elementor-element-e4dd363 elementor-widget elementor-widget-spacer\" data-id=\"e4dd363\" data-element_type=\"widget\" data-e-type=\"widget\" data-widget_type=\"spacer.default\">\n\t\t\t\t<div class=\"elementor-widget-container\">\n\t\t\t\t\t\t\t<div class=\"elementor-spacer\">\n\t\t\t<div class=\"elementor-spacer-inner\"><\/div>\n\t\t<\/div>\n\t\t\t\t\t\t<\/div>\n\t\t\t\t<\/div>\n\t\t\t\t\t<\/div>\n\t\t<\/div>\n\t\t\t\t\t<\/div>\n\t\t<\/section>\n\t\t\t\t<section class=\"elementor-section elementor-top-section elementor-element elementor-element-ddd8d21 elementor-section-boxed elementor-section-height-default elementor-section-height-default\" data-id=\"ddd8d21\" data-element_type=\"section\" data-e-type=\"section\" data-settings=\"{&quot;_ha_eqh_enable&quot;:false}\">\n\t\t\t\t\t\t<div class=\"elementor-container elementor-column-gap-default\">\n\t\t\t\t\t<div class=\"elementor-column elementor-col-100 elementor-top-column elementor-element elementor-element-daf6845\" data-id=\"daf6845\" data-element_type=\"column\" data-e-type=\"column\">\n\t\t\t<div class=\"elementor-widget-wrap elementor-element-populated\">\n\t\t\t\t\t\t<div class=\"elementor-element elementor-element-fb4c6ed elementor-widget elementor-widget-spacer\" data-id=\"fb4c6ed\" data-element_type=\"widget\" data-e-type=\"widget\" data-widget_type=\"spacer.default\">\n\t\t\t\t<div class=\"elementor-widget-container\">\n\t\t\t\t\t\t\t<div class=\"elementor-spacer\">\n\t\t\t<div class=\"elementor-spacer-inner\"><\/div>\n\t\t<\/div>\n\t\t\t\t\t\t<\/div>\n\t\t\t\t<\/div>\n\t\t\t\t<div class=\"elementor-element elementor-element-510688b elementor-widget elementor-widget-text-editor\" data-id=\"510688b\" data-element_type=\"widget\" data-e-type=\"widget\" data-widget_type=\"text-editor.default\">\n\t\t\t\t<div class=\"elementor-widget-container\">\n\t\t\t\t\t\t\t\t\t<p>12.02.2021<\/p><p>W 2020 roku rozpocz\u0119li\u015bmy nasz projekt FinLit, Financial Literacy dla szybszej niezale\u017cno\u015bci finansowej. Naszym pierwszym produktem intelektualnym, IO1, by\u0142o zdefiniowanie linii bazowej celu projektu, okre\u015blenie aktualnych poziom\u00f3w wiedzy w\u015br\u00f3d m\u0142odzie\u017cy oraz istniej\u0105cej oferty edukacyjnej w dziedzinach wiedzy finansowej dla nich. Nasze krajowe ustalenia zosta\u0142y zebrane w najnowszym raporcie, kt\u00f3ry stanowi wynik systemowego, teoretycznego i praktycznego opracowania obecnych warunk\u00f3w dotycz\u0105cych temat\u00f3w zwi\u0105zanych z alfabetyzmem finansowym, a tak\u017ce zdefiniowania luk i przeszk\u00f3d w tych dziedzinach we wszystkich trzech krajach partnerskich \u2013 Grecji, Polsce i S\u0142owenii. Partnerzy przeprowadzili przegl\u0105d oferty szkolnictwa wy\u017cszego i \u015bredniego, obejmuj\u0105cy r\u00f3wnie\u017c przegl\u0105d istniej\u0105cych materia\u0142\u00f3w szkoleniowych i zastosowanych metod. Ponadto w\u015br\u00f3d m\u0142odych ludzi w ka\u017cdym kraju partnerskim rozprowadzono kwestionariusz kompetencji dotycz\u0105cy znajomo\u015bci zagadnie\u0144 finansowych w celu zebrania rzeczywistych informacji zwrotnych od naszej g\u0142\u00f3wnej grupy docelowej \u2013 m\u0142odzie\u017cy w wieku od 18 do 24 lat. Zw\u0142aszcza dane z bada\u0144 terenowych w S\u0142owenii, Polsce i Grecji pokaza\u0142y, \u017ce poziom znajomo\u015bci finans\u00f3w nie jest po\u017c\u0105dany. Ponadto badanie \u017ar\u00f3de\u0142 \u017ar\u00f3d\u0142owych wykaza\u0142o brak dost\u0119pnych (bezp\u0142atnych) kurs\u00f3w w zakresie umiej\u0119tno\u015bci finansowych dla m\u0142odzie\u017cy i zarz\u0105dzania finansami osobistymi. W zwi\u0105zku z tym zesp\u00f3\u0142 FinLit zacz\u0105\u0142 przygotowywa\u0107 plan, jak w innowacyjny spos\u00f3b zaradzi\u0107 brakom w ofercie edukacyjnej i wiedzy m\u0142odzie\u017cy, aby pom\u00f3c im w prawid\u0142owym budowaniu stabilno\u015bci finansowej. W oparciu o wszystkie te informacje konsorcjum projektu FinLit przyst\u0105pi\u0142o nast\u0119pnie do innych wynik\u00f3w intelektualnych; IO2: rozw\u00f3j e-platformy i IO3: stworzenie innowacyjnego e-kursu, obejmuj\u0105cego wszystkie wykryte aspekty i luki, prowadz\u0105cego do lepszego poziomu wiedzy na temat umiej\u0119tno\u015bci finansowych i prezentuj\u0105cego im wszystkie umiej\u0119tno\u015bci niezb\u0119dne do zapewnienia stabilnych finans\u00f3w osobistych zarz\u0105dzania w \u017cyciu codziennym m\u0142odych ludzi. Najnowszy raport z bardziej interesuj\u0105cymi informacjami dla ka\u017cdego kraju partnerskiego jest dost\u0119pny tutaj:<\/p><p>https:\/\/finlitproject.eu\/wp-content\/uploads\/2021\/09\/FINLIT-IO1-FINAL-wersja skr\u00f3cona.pdf<\/p><p>\u00a0<\/p><p>Dzi\u0119kuj\u0119 za uwag\u0119 i czas<br \/>Zesp\u00f3\u0142 FinLit.<\/p>\t\t\t\t\t\t\t\t<\/div>\n\t\t\t\t<\/div>\n\t\t\t\t<div class=\"elementor-element elementor-element-51feae6 elementor-widget elementor-widget-spacer\" data-id=\"51feae6\" data-element_type=\"widget\" data-e-type=\"widget\" data-widget_type=\"spacer.default\">\n\t\t\t\t<div class=\"elementor-widget-container\">\n\t\t\t\t\t\t\t<div class=\"elementor-spacer\">\n\t\t\t<div class=\"elementor-spacer-inner\"><\/div>\n\t\t<\/div>\n\t\t\t\t\t\t<\/div>\n\t\t\t\t<\/div>\n\t\t\t\t\t<\/div>\n\t\t<\/div>\n\t\t\t\t\t<\/div>\n\t\t<\/section>\n\t\t\t\t<section class=\"elementor-section elementor-top-section elementor-element elementor-element-93634c4 elementor-section-boxed elementor-section-height-default elementor-section-height-default\" data-id=\"93634c4\" data-element_type=\"section\" data-e-type=\"section\" data-settings=\"{&quot;background_background&quot;:&quot;classic&quot;,&quot;_ha_eqh_enable&quot;:false}\">\n\t\t\t\t\t\t<div class=\"elementor-container elementor-column-gap-default\">\n\t\t\t\t\t<div class=\"elementor-column elementor-col-33 elementor-top-column elementor-element elementor-element-4377a06\" data-id=\"4377a06\" data-element_type=\"column\" data-e-type=\"column\">\n\t\t\t<div class=\"elementor-widget-wrap elementor-element-populated\">\n\t\t\t\t\t\t<div class=\"elementor-element elementor-element-f71668f elementor-widget elementor-widget-image\" data-id=\"f71668f\" data-element_type=\"widget\" data-e-type=\"widget\" data-widget_type=\"image.default\">\n\t\t\t\t<div class=\"elementor-widget-container\">\n\t\t\t\t\t\t\t\t\t\t\t\t\t\t\t<img decoding=\"async\" width=\"300\" height=\"63\" src=\"https:\/\/finlit-project.eu\/wp-content\/uploads\/2022\/11\/EN-Co-funded-by-the-EU_PANTONE-1-300x63.jpg\" class=\"attachment-medium size-medium wp-image-171\" alt=\"\" srcset=\"https:\/\/finlit-project.eu\/wp-content\/uploads\/2022\/11\/EN-Co-funded-by-the-EU_PANTONE-1-300x63.jpg 300w, https:\/\/finlit-project.eu\/wp-content\/uploads\/2022\/11\/EN-Co-funded-by-the-EU_PANTONE-1-1024x215.jpg 1024w, https:\/\/finlit-project.eu\/wp-content\/uploads\/2022\/11\/EN-Co-funded-by-the-EU_PANTONE-1-768x161.jpg 768w, https:\/\/finlit-project.eu\/wp-content\/uploads\/2022\/11\/EN-Co-funded-by-the-EU_PANTONE-1-1536x322.jpg 1536w, https:\/\/finlit-project.eu\/wp-content\/uploads\/2022\/11\/EN-Co-funded-by-the-EU_PANTONE-1-2048x430.jpg 2048w\" sizes=\"(max-width: 300px) 100vw, 300px\" \/>\t\t\t\t\t\t\t\t\t\t\t\t\t\t\t<\/div>\n\t\t\t\t<\/div>\n\t\t\t\t<div class=\"elementor-element elementor-element-006f280 elementor-widget elementor-widget-text-editor\" data-id=\"006f280\" data-element_type=\"widget\" data-e-type=\"widget\" data-widget_type=\"text-editor.default\">\n\t\t\t\t<div class=\"elementor-widget-container\">\n\t\t\t\t\t\t\t\t\t<p>Projekt ten zosta\u0142 sfinansowany przy wsparciu Komisji Europejskiej. Niniejsza publikacja odzwierciedla jedynie pogl\u0105dy autora, a Komisja nie ponosi odpowiedzialno\u015bci za jakiekolwiek wykorzystanie zawartych w niej informacji.2020-2-SI02-KA205-15590<\/p>\t\t\t\t\t\t\t\t<\/div>\n\t\t\t\t<\/div>\n\t\t\t\t\t<\/div>\n\t\t<\/div>\n\t\t\t\t<div class=\"elementor-column elementor-col-33 elementor-top-column elementor-element elementor-element-8bcd40f\" data-id=\"8bcd40f\" data-element_type=\"column\" data-e-type=\"column\">\n\t\t\t<div class=\"elementor-widget-wrap\">\n\t\t\t\t\t\t\t<\/div>\n\t\t<\/div>\n\t\t\t\t<div class=\"elementor-column elementor-col-33 elementor-top-column elementor-element elementor-element-1534a53\" data-id=\"1534a53\" data-element_type=\"column\" data-e-type=\"column\">\n\t\t\t<div class=\"elementor-widget-wrap elementor-element-populated\">\n\t\t\t\t\t\t<div class=\"elementor-element elementor-element-eac7a2e elementor-widget elementor-widget-spacer\" data-id=\"eac7a2e\" data-element_type=\"widget\" data-e-type=\"widget\" data-widget_type=\"spacer.default\">\n\t\t\t\t<div class=\"elementor-widget-container\">\n\t\t\t\t\t\t\t<div class=\"elementor-spacer\">\n\t\t\t<div class=\"elementor-spacer-inner\"><\/div>\n\t\t<\/div>\n\t\t\t\t\t\t<\/div>\n\t\t\t\t<\/div>\n\t\t\t\t<div class=\"elementor-element elementor-element-26b2c9b elementor-widget elementor-widget-image\" data-id=\"26b2c9b\" data-element_type=\"widget\" data-e-type=\"widget\" data-widget_type=\"image.default\">\n\t\t\t\t<div class=\"elementor-widget-container\">\n\t\t\t\t\t\t\t\t\t\t\t\t\t\t\t<img decoding=\"async\" width=\"144\" height=\"70\" src=\"https:\/\/finlit-project.eu\/wp-content\/uploads\/2022\/11\/footer.png\" class=\"attachment-medium size-medium wp-image-203\" alt=\"\" \/>\t\t\t\t\t\t\t\t\t\t\t\t\t\t\t<\/div>\n\t\t\t\t<\/div>\n\t\t\t\t<div class=\"elementor-element elementor-element-21a637d elementor-widget elementor-widget-text-editor\" data-id=\"21a637d\" data-element_type=\"widget\" data-e-type=\"widget\" data-widget_type=\"text-editor.default\">\n\t\t\t\t<div class=\"elementor-widget-container\">\n\t\t\t\t\t\t\t\t\t<a style=\"color: white;\" href=\" https:\/\/finlit-project.eu\/?page_id=174\" target=\"_blank\" rel=\"noopener\">Terms of Use<\/a>\t\t\t\t\t\t\t\t<\/div>\n\t\t\t\t<\/div>\n\t\t\t\t<div class=\"elementor-element elementor-element-622c0ac elementor-shape-circle e-grid-align-right elementor-grid-0 elementor-widget elementor-widget-social-icons\" data-id=\"622c0ac\" data-element_type=\"widget\" data-e-type=\"widget\" data-widget_type=\"social-icons.default\">\n\t\t\t\t<div class=\"elementor-widget-container\">\n\t\t\t\t\t\t\t<div class=\"elementor-social-icons-wrapper elementor-grid\" role=\"list\">\n\t\t\t\t\t\t\t<span class=\"elementor-grid-item\" role=\"listitem\">\n\t\t\t\t\t<a class=\"elementor-icon elementor-social-icon elementor-social-icon-facebook elementor-repeater-item-300f31d\" href=\"https:\/\/www.facebook.com\/finlit.financial.literacy\" target=\"_blank\">\n\t\t\t\t\t\t<span class=\"elementor-screen-only\">Facebook<\/span>\n\t\t\t\t\t\t<i aria-hidden=\"true\" class=\"fab fa-facebook\"><\/i>\t\t\t\t\t<\/a>\n\t\t\t\t<\/span>\n\t\t\t\t\t\t\t<span class=\"elementor-grid-item\" role=\"listitem\">\n\t\t\t\t\t<a class=\"elementor-icon elementor-social-icon elementor-social-icon-twitter elementor-repeater-item-8b7af98\" href=\"https:\/\/twitter.com\/FinLit7\" target=\"_blank\">\n\t\t\t\t\t\t<span class=\"elementor-screen-only\">Twitter<\/span>\n\t\t\t\t\t\t<i aria-hidden=\"true\" class=\"fab fa-twitter\"><\/i>\t\t\t\t\t<\/a>\n\t\t\t\t<\/span>\n\t\t\t\t\t\t\t<span class=\"elementor-grid-item\" role=\"listitem\">\n\t\t\t\t\t<a class=\"elementor-icon elementor-social-icon elementor-social-icon-youtube elementor-repeater-item-75f99d9\" href=\"https:\/\/www.youtube.com\/channel\/UCCNlnDGk5a_Tqaa6ZbE13hg\" target=\"_blank\">\n\t\t\t\t\t\t<span class=\"elementor-screen-only\">Youtube<\/span>\n\t\t\t\t\t\t<i aria-hidden=\"true\" class=\"fab fa-youtube\"><\/i>\t\t\t\t\t<\/a>\n\t\t\t\t<\/span>\n\t\t\t\t\t\t\t<span class=\"elementor-grid-item\" role=\"listitem\">\n\t\t\t\t\t<a class=\"elementor-icon elementor-social-icon elementor-social-icon-linkedin elementor-repeater-item-004c60b\" href=\"https:\/\/www.linkedin.com\/showcase\/fin-lit\/\" target=\"_blank\">\n\t\t\t\t\t\t<span class=\"elementor-screen-only\">Linkedin<\/span>\n\t\t\t\t\t\t<i aria-hidden=\"true\" class=\"fab fa-linkedin\"><\/i>\t\t\t\t\t<\/a>\n\t\t\t\t<\/span>\n\t\t\t\t\t<\/div>\n\t\t\t\t\t\t<\/div>\n\t\t\t\t<\/div>\n\t\t\t\t\t<\/div>\n\t\t<\/div>\n\t\t\t\t\t<\/div>\n\t\t<\/section>\n\t\t\t\t<\/div>\n\t\t","protected":false},"excerpt":{"rendered":"<p>CZY M\u0141ODZI LUDZIE ZNAJDUJ\u0104 SI\u0118 W FINANSACH? 12.02.2021 W 2020 roku rozpocz\u0119li\u015bmy nasz projekt FinLit, Financial Literacy dla szybszej niezale\u017cno\u015bci finansowej. Naszym pierwszym produktem intelektualnym, IO1, by\u0142o zdefiniowanie linii bazowej celu projektu, okre\u015blenie aktualnych poziom\u00f3w wiedzy w\u015br\u00f3d m\u0142odzie\u017cy oraz istniej\u0105cej oferty edukacyjnej w dziedzinach wiedzy finansowej dla nich. Nasze krajowe ustalenia zosta\u0142y zebrane w najnowszym [&hellip;]<\/p>\n","protected":false},"author":1,"featured_media":0,"parent":0,"menu_order":0,"comment_status":"closed","ping_status":"closed","template":"elementor_header_footer","meta":{"_monsterinsights_skip_tracking":false,"_monsterinsights_sitenote_active":false,"_monsterinsights_sitenote_note":"","_monsterinsights_sitenote_category":0,"footnotes":""},"class_list":["post-456","page","type-page","status-publish","hentry","entry"],"aioseo_notices":[],"_links":{"self":[{"href":"https:\/\/finlit-project.eu\/index.php?rest_route=\/wp\/v2\/pages\/456","targetHints":{"allow":["GET"]}}],"collection":[{"href":"https:\/\/finlit-project.eu\/index.php?rest_route=\/wp\/v2\/pages"}],"about":[{"href":"https:\/\/finlit-project.eu\/index.php?rest_route=\/wp\/v2\/types\/page"}],"author":[{"embeddable":true,"href":"https:\/\/finlit-project.eu\/index.php?rest_route=\/wp\/v2\/users\/1"}],"replies":[{"embeddable":true,"href":"https:\/\/finlit-project.eu\/index.php?rest_route=%2Fwp%2Fv2%2Fcomments&post=456"}],"version-history":[{"count":4,"href":"https:\/\/finlit-project.eu\/index.php?rest_route=\/wp\/v2\/pages\/456\/revisions"}],"predecessor-version":[{"id":461,"href":"https:\/\/finlit-project.eu\/index.php?rest_route=\/wp\/v2\/pages\/456\/revisions\/461"}],"wp:attachment":[{"href":"https:\/\/finlit-project.eu\/index.php?rest_route=%2Fwp%2Fv2%2Fmedia&parent=456"}],"curies":[{"name":"wp","href":"https:\/\/api.w.org\/{rel}","templated":true}]}}